{"id":41,"date":"2021-07-06T17:53:54","date_gmt":"2021-07-06T17:53:54","guid":{"rendered":"https:\/\/redcasa.es\/?page_id=41"},"modified":"2023-02-14T12:18:38","modified_gmt":"2023-02-14T12:18:38","slug":"inmuebles","status":"publish","type":"page","link":"https:\/\/redcasa.es\/index.php\/inmuebles\/","title":{"rendered":"Inmuebles"},"content":{"rendered":"\n<p>Gestionamos la venta de su vivienda en todas las fases, apoy\u00e1ndonos en las t\u00e9cnicas y herramientas comerciales m\u00e1s actuales. <\/p>\n\n\n\n<p>Disponemos de un departamento financiero que le ayudar\u00e1 con la compra de su futura casa.<\/p>\n\n\n\n<p><a rel=\"noreferrer noopener\" aria-label=\" (se abre en una nueva pesta\u00f1a)\" href=\"https:\/\/www.idealista.com\/pro\/redcasa-torre-del-mar\/venta-viviendas\/\" target=\"_blank\">Inmuebles en venta<\/a><\/p>\n\n\n\n<p>Gestionamos el alquiler de su vivienda con la m\u00e1xima seguridad y rentabilidad.<\/p>\n\n\n\n<p>Adem\u00e1s le ayudamos a encontrar el que ser\u00e1 su hogar durante una larga temporada o donde disfrutar de unas id\u00edlicas vacaciones. <\/p>\n\n\n\n<p><a rel=\"noreferrer noopener\" aria-label=\" (se abre en una nueva pesta\u00f1a)\" href=\"https:\/\/www.idealista.com\/pro\/redcasa-torre-del-mar\/alquiler-viviendas\/\" target=\"_blank\">Inmuebles en alquiler<\/a><\/p>\n\n\n\n<p>Si lo que busca es un terreno o una finca donde poder edificar la casa de sus sue\u00f1os, o poder invertir en un negocio agr\u00edcola, tambi\u00e9n gestionamos este tipo de propiedades.<\/p>\n\n\n\n<p><a href=\"https:\/\/www.idealista.com\/pro\/redcasa-torre-del-mar\/venta-terrenos\/\" target=\"_blank\" rel=\"noreferrer noopener\" aria-label=\"Terrenos y fincas (se abre en una nueva pesta\u00f1a)\">Terrenos y fincas<\/a><\/p>\n","protected":false},"excerpt":{"rendered":"<p>Gestionamos la venta de su vivienda en todas las fases, apoy\u00e1ndonos en las t\u00e9cnicas y herramientas comerciales m\u00e1s actuales. Disponemos de un departamento financiero que le ayudar\u00e1 con la compra de su futura casa. Inmuebles en venta Gestionamos el alquiler de su vivienda con la m\u00e1xima seguridad y rentabilidad. Adem\u00e1s le ayudamos a encontrar el &#8230; <a href=\"https:\/\/redcasa.es\/index.php\/inmuebles\/\" class=\"more-link text-uppercase small\"><strong>Seguir leyendo<\/strong> <i class=\"fa fa-angle-double-right\" aria-hidden=\"true\"><\/i><\/a><\/p>\n","protected":false},"author":1,"featured_media":0,"parent":0,"menu_order":0,"comment_status":"closed","ping_status":"closed","template":"","meta":{"footnotes":""},"yoast_head":"<!-- This site is optimized with the Yoast SEO plugin v21.5 - https:\/\/yoast.com\/wordpress\/plugins\/seo\/ -->\n<title>Inmuebles - Redcasa Inmobiliaria<\/title>\n<meta name=\"description\" content=\"Conoce nuestros inmuebles en venta o alquiler. Todo tipo de propiedades: chalets, pisos, terrenos, etc.\" \/>\n<meta name=\"robots\" content=\"index, follow, max-snippet:-1, max-image-preview:large, max-video-preview:-1\" \/>\n<link rel=\"canonical\" href=\"https:\/\/redcasa.es\/index.php\/inmuebles\/\" \/>\n<meta property=\"og:locale\" content=\"es_ES\" \/>\n<meta property=\"og:type\" content=\"article\" \/>\n<meta property=\"og:title\" content=\"Inmuebles - Redcasa Inmobiliaria\" \/>\n<meta property=\"og:description\" content=\"Conoce nuestros inmuebles en venta o alquiler. Todo tipo de propiedades: chalets, pisos, terrenos, etc.\" \/>\n<meta property=\"og:url\" content=\"https:\/\/redcasa.es\/index.php\/inmuebles\/\" \/>\n<meta property=\"og:site_name\" content=\"Redcasa Inmobiliaria\" \/>\n<meta property=\"article:modified_time\" content=\"2023-02-14T12:18:38+00:00\" \/>\n<meta property=\"og:image\" content=\"https:\/\/redcasa.es\/wp-content\/uploads\/2020\/02\/REDCASA.png\" \/>\n\t<meta property=\"og:image:width\" content=\"1366\" \/>\n\t<meta property=\"og:image:height\" content=\"768\" \/>\n\t<meta property=\"og:image:type\" content=\"image\/png\" \/>\n<meta name=\"twitter:card\" content=\"summary_large_image\" \/>\n<meta name=\"twitter:label1\" content=\"Tiempo de lectura\" \/>\n\t<meta name=\"twitter:data1\" content=\"1 minuto\" \/>\n<script type=\"application\/ld+json\" class=\"yoast-schema-graph\">{\"@context\":\"https:\/\/schema.org\",\"@graph\":[{\"@type\":\"WebPage\",\"@id\":\"https:\/\/redcasa.es\/index.php\/inmuebles\/\",\"url\":\"https:\/\/redcasa.es\/index.php\/inmuebles\/\",\"name\":\"Inmuebles - Redcasa Inmobiliaria\",\"isPartOf\":{\"@id\":\"https:\/\/redcasa.es\/#website\"},\"datePublished\":\"2021-07-06T17:53:54+00:00\",\"dateModified\":\"2023-02-14T12:18:38+00:00\",\"description\":\"Conoce nuestros inmuebles en venta o alquiler. Todo tipo de propiedades: chalets, pisos, terrenos, etc.\",\"breadcrumb\":{\"@id\":\"https:\/\/redcasa.es\/index.php\/inmuebles\/#breadcrumb\"},\"inLanguage\":\"es\",\"potentialAction\":[{\"@type\":\"ReadAction\",\"target\":[\"https:\/\/redcasa.es\/index.php\/inmuebles\/\"]}]},{\"@type\":\"BreadcrumbList\",\"@id\":\"https:\/\/redcasa.es\/index.php\/inmuebles\/#breadcrumb\",\"itemListElement\":[{\"@type\":\"ListItem\",\"position\":1,\"name\":\"Home\",\"item\":\"https:\/\/redcasa.es\/\"},{\"@type\":\"ListItem\",\"position\":2,\"name\":\"Inmuebles\"}]},{\"@type\":\"WebSite\",\"@id\":\"https:\/\/redcasa.es\/#website\",\"url\":\"https:\/\/redcasa.es\/\",\"name\":\"Redcasa Inmobiliaria\",\"description\":\"redcasa.es\",\"publisher\":{\"@id\":\"https:\/\/redcasa.es\/#organization\"},\"potentialAction\":[{\"@type\":\"SearchAction\",\"target\":{\"@type\":\"EntryPoint\",\"urlTemplate\":\"https:\/\/redcasa.es\/?s={search_term_string}\"},\"query-input\":\"required name=search_term_string\"}],\"inLanguage\":\"es\"},{\"@type\":\"Organization\",\"@id\":\"https:\/\/redcasa.es\/#organization\",\"name\":\"REDCASA INMOBILIARIA\",\"url\":\"https:\/\/redcasa.es\/\",\"logo\":{\"@type\":\"ImageObject\",\"inLanguage\":\"es\",\"@id\":\"https:\/\/redcasa.es\/#\/schema\/logo\/image\/\",\"url\":\"https:\/\/redcasa.es\/wp-content\/uploads\/2020\/02\/REDCASA_.png\",\"contentUrl\":\"https:\/\/redcasa.es\/wp-content\/uploads\/2020\/02\/REDCASA_.png\",\"width\":727,\"height\":727,\"caption\":\"REDCASA INMOBILIARIA\"},\"image\":{\"@id\":\"https:\/\/redcasa.es\/#\/schema\/logo\/image\/\"}}]}<\/script>\n<!-- \/ Yoast SEO plugin. -->","yoast_head_json":{"title":"Inmuebles - Redcasa Inmobiliaria","description":"Conoce nuestros inmuebles en venta o alquiler. Todo tipo de propiedades: chalets, pisos, terrenos, etc.","robots":{"index":"index","follow":"follow","max-snippet":"max-snippet:-1","max-image-preview":"max-image-preview:large","max-video-preview":"max-video-preview:-1"},"canonical":"https:\/\/redcasa.es\/index.php\/inmuebles\/","og_locale":"es_ES","og_type":"article","og_title":"Inmuebles - Redcasa Inmobiliaria","og_description":"Conoce nuestros inmuebles en venta o alquiler. Todo tipo de propiedades: chalets, pisos, terrenos, etc.","og_url":"https:\/\/redcasa.es\/index.php\/inmuebles\/","og_site_name":"Redcasa Inmobiliaria","article_modified_time":"2023-02-14T12:18:38+00:00","og_image":[{"width":1366,"height":768,"url":"https:\/\/redcasa.es\/wp-content\/uploads\/2020\/02\/REDCASA.png","type":"image\/png"}],"twitter_card":"summary_large_image","twitter_misc":{"Tiempo de lectura":"1 minuto"},"schema":{"@context":"https:\/\/schema.org","@graph":[{"@type":"WebPage","@id":"https:\/\/redcasa.es\/index.php\/inmuebles\/","url":"https:\/\/redcasa.es\/index.php\/inmuebles\/","name":"Inmuebles - Redcasa Inmobiliaria","isPartOf":{"@id":"https:\/\/redcasa.es\/#website"},"datePublished":"2021-07-06T17:53:54+00:00","dateModified":"2023-02-14T12:18:38+00:00","description":"Conoce nuestros inmuebles en venta o alquiler. Todo tipo de propiedades: chalets, pisos, terrenos, etc.","breadcrumb":{"@id":"https:\/\/redcasa.es\/index.php\/inmuebles\/#breadcrumb"},"inLanguage":"es","potentialAction":[{"@type":"ReadAction","target":["https:\/\/redcasa.es\/index.php\/inmuebles\/"]}]},{"@type":"BreadcrumbList","@id":"https:\/\/redcasa.es\/index.php\/inmuebles\/#breadcrumb","itemListElement":[{"@type":"ListItem","position":1,"name":"Home","item":"https:\/\/redcasa.es\/"},{"@type":"ListItem","position":2,"name":"Inmuebles"}]},{"@type":"WebSite","@id":"https:\/\/redcasa.es\/#website","url":"https:\/\/redcasa.es\/","name":"Redcasa Inmobiliaria","description":"redcasa.es","publisher":{"@id":"https:\/\/redcasa.es\/#organization"},"potentialAction":[{"@type":"SearchAction","target":{"@type":"EntryPoint","urlTemplate":"https:\/\/redcasa.es\/?s={search_term_string}"},"query-input":"required name=search_term_string"}],"inLanguage":"es"},{"@type":"Organization","@id":"https:\/\/redcasa.es\/#organization","name":"REDCASA INMOBILIARIA","url":"https:\/\/redcasa.es\/","logo":{"@type":"ImageObject","inLanguage":"es","@id":"https:\/\/redcasa.es\/#\/schema\/logo\/image\/","url":"https:\/\/redcasa.es\/wp-content\/uploads\/2020\/02\/REDCASA_.png","contentUrl":"https:\/\/redcasa.es\/wp-content\/uploads\/2020\/02\/REDCASA_.png","width":727,"height":727,"caption":"REDCASA INMOBILIARIA"},"image":{"@id":"https:\/\/redcasa.es\/#\/schema\/logo\/image\/"}}]}},"_links":{"self":[{"href":"https:\/\/redcasa.es\/index.php\/wp-json\/wp\/v2\/pages\/41"}],"collection":[{"href":"https:\/\/redcasa.es\/index.php\/wp-json\/wp\/v2\/pages"}],"about":[{"href":"https:\/\/redcasa.es\/index.php\/wp-json\/wp\/v2\/types\/page"}],"author":[{"embeddable":true,"href":"https:\/\/redcasa.es\/index.php\/wp-json\/wp\/v2\/users\/1"}],"replies":[{"embeddable":true,"href":"https:\/\/redcasa.es\/index.php\/wp-json\/wp\/v2\/comments?post=41"}],"version-history":[{"count":7,"href":"https:\/\/redcasa.es\/index.php\/wp-json\/wp\/v2\/pages\/41\/revisions"}],"predecessor-version":[{"id":62,"href":"https:\/\/redcasa.es\/index.php\/wp-json\/wp\/v2\/pages\/41\/revisions\/62"}],"wp:attachment":[{"href":"https:\/\/redcasa.es\/index.php\/wp-json\/wp\/v2\/media?parent=41"}],"curies":[{"name":"wp","href":"https:\/\/api.w.org\/{rel}","templated":true}]}}